{"id":22734,"date":"2025-07-15T17:23:23","date_gmt":"2025-07-15T23:23:23","guid":{"rendered":"https:\/\/www.autenticohotel.com\/?page_id=22734"},"modified":"2025-07-15T17:46:39","modified_gmt":"2025-07-15T23:46:39","slug":"guide-de-visite","status":"publish","type":"page","link":"https:\/\/www.autenticohotel.com\/fr\/menu\/guide-de-visite\/","title":{"rendered":"Guide de visite"},"content":{"rendered":"<div data-elementor-type=\"wp-page\" data-elementor-id=\"22734\" class=\"elementor elementor-22734\" data-elementor-post-type=\"page\">\n\t\t\t\t<div class=\"elementor-element elementor-element-796c9cc e-flex e-con-boxed e-con e-parent\" data-id=\"796c9cc\" data-element_type=\"container\" data-e-type=\"container\" data-settings=\"{&quot;background_background&quot;:&quot;classic&quot;}\">\n\t\t\t\t\t<div class=\"e-con-inner\">\n\t\t\t\t<div class=\"elementor-element elementor-element-7018d56 elementor-align-left elementor-widget elementor-widget-cs_button\" data-id=\"7018d56\" data-element_type=\"widget\" data-e-type=\"widget\" data-widget_type=\"cs_button.default\">\n\t\t\t\t<div class=\"elementor-widget-container\">\n\t\t\t\t\t        <a href=\"https:\/\/www.autenticohotel.com\/fr\/menu\/\" class=\"elementor-button-link button cs-btn-underline cs-btn-with-icon\" role=\"button\">\n            <span class=\"cs-btn-text\">Retourner au menu<\/span>            \t<span class=\"cs-btn-icon icon-arrow\"><\/span>        <\/a>\t\t\t\t<\/div>\n\t\t\t\t<\/div>\n\t\t\t\t<div class=\"elementor-element elementor-element-69b183c elementor-widget elementor-widget-heading\" data-id=\"69b183c\" data-element_type=\"widget\" data-e-type=\"widget\" data-widget_type=\"heading.default\">\n\t\t\t\t<div class=\"elementor-widget-container\">\n\t\t\t\t\t<h1 class=\"elementor-heading-title elementor-size-default\">Guide de visite<\/h1>\t\t\t\t<\/div>\n\t\t\t\t<\/div>\n\t\t<div class=\"elementor-element elementor-element-04e4ff4 e-con-full e-flex e-con e-child\" data-id=\"04e4ff4\" data-element_type=\"container\" data-e-type=\"container\">\n\t\t\t\t<div class=\"elementor-element elementor-element-07c7029 elementor-widget elementor-widget-shortcode\" data-id=\"07c7029\" data-element_type=\"widget\" data-e-type=\"widget\" data-widget_type=\"shortcode.default\">\n\t\t\t\t<div class=\"elementor-widget-container\">\n\t\t\t\t\t\t\t<div class=\"elementor-shortcode\"><div class=\"real3dflipbook\" id=\"4_69f40bf674841\" style=\"position:absolute;\"><\/div><\/div>\n\t\t\t\t\t\t<\/div>\n\t\t\t\t<\/div>\n\t\t\t\t<div class=\"elementor-element elementor-element-d58b017 elementor-align-center elementor-widget elementor-widget-cs_button\" data-id=\"d58b017\" data-element_type=\"widget\" data-e-type=\"widget\" data-widget_type=\"cs_button.default\">\n\t\t\t\t<div class=\"elementor-widget-container\">\n\t\t\t\t\t        <a href=\"https:\/\/www.autenticohotel.com\/wp-content\/uploads\/2025\/07\/Guia-de-visitas-esp-ing.pdf\" target=\"_blank\" class=\"elementor-button-link button cs-btn-outline\" role=\"button\">\n            <span class=\"cs-btn-text\">T\u00e9l\u00e9charger le guide de visite<\/span>        <\/a>\t\t\t\t<\/div>\n\t\t\t\t<\/div>\n\t\t\t\t<div class=\"elementor-element elementor-element-366e7c0 elementor-widget elementor-widget-spacer\" data-id=\"366e7c0\" data-element_type=\"widget\" data-e-type=\"widget\" data-widget_type=\"spacer.default\">\n\t\t\t\t<div class=\"elementor-widget-container\">\n\t\t\t\t\t\t\t<div class=\"elementor-spacer\">\n\t\t\t<div class=\"elementor-spacer-inner\"><\/div>\n\t\t<\/div>\n\t\t\t\t\t\t<\/div>\n\t\t\t\t<\/div>\n\t\t\t\t<\/div>\n\t\t\t\t\t<\/div>\n\t\t\t\t<\/div>\n\t\t\t\t<\/div>","protected":false},"excerpt":{"rendered":"<p>Go back to Menu Visit Guide Download Visit Guide<\/p>","protected":false},"author":1,"featured_media":0,"parent":22358,"menu_order":0,"comment_status":"closed","ping_status":"closed","template":"elementor_canvas","meta":{"cozystay_single_page_hide_site_header":"","cozystay_single_page_site_header_source":"","cozystay_single_page_custom_site_header":"0","cozystay_single_page_custom_sticky_site_header":"0","cozystay_single_page_hide_page_title":"","cozystay_single_page_header_section_size":"","cozystay_single_page_header_background_color":"","cozystay_single_page_header_background_position_x":"center","cozystay_single_page_header_background_position_y":"center","cozystay_single_page_header_background_size":"cover","cozystay_single_page_header_background_repeat":"off","cozystay_single_page_header_background_scroll":"on","cozystay_single_page_header_text_color":"","cozystay_single_page_header_show_breadcrumb":"","cozystay_single_page_site_footer_hide_main":"","cozystay_single_custom_site_footer_main_source":"","cozystay_single_custom_site_footer_main":"0","cozystay_single_page_site_footer_hide_above":"","cozystay_single_custom_site_footer_above_source":"","cozystay_single_custom_site_footer_above":"0","cozystay_single_page_site_footer_hide_instagram":"","cozystay_single_page_site_footer_hide_bottom":"","cozystay_single_custom_mobile_menu_source":"","cozystay_single_custom_mobile_menu":"0","cozystay_single_custom_mobile_menu_animation":"","cozystay_single_custom_mobile_menu_width":"","cozystay_single_custom_mobile_menu_custom_width":375,"footnotes":""},"class_list":["post-22734","page","type-page","status-publish","hentry"],"yoast_head":"<!-- This site is optimized with the Yoast SEO Premium plugin v25.1 (Yoast SEO v27.3) - https:\/\/yoast.com\/product\/yoast-seo-premium-wordpress\/ -->\n<title>Visit Guide San Jos\u00e9 Costa Rica - Aut\u00e9ntico Hotel<\/title>\n<meta name=\"description\" content=\"Download Aut\u00e9ntico Hotel\u2019s cultural guide and explore San Jos\u00e9\u2019s top attractions in Costa Rica. Museums, theaters, markets, and more for an authentic and responsible local experience.\" \/>\n<meta name=\"robots\" content=\"index, follow, max-snippet:-1, max-image-preview:large, max-video-preview:-1\" \/>\n<link rel=\"canonical\" href=\"https:\/\/www.autenticohotel.com\/fr\/menu\/guide-de-visite\/\" \/>\n<meta property=\"og:locale\" content=\"fr_FR\" \/>\n<meta property=\"og:type\" content=\"article\" \/>\n<meta property=\"og:title\" content=\"Visit Guide\" \/>\n<meta property=\"og:description\" content=\"Download Aut\u00e9ntico Hotel\u2019s cultural guide and explore San Jos\u00e9\u2019s top attractions in Costa Rica. Museums, theaters, markets, and more for an authentic and responsible local experience.\" \/>\n<meta property=\"og:url\" content=\"https:\/\/www.autenticohotel.com\/fr\/menu\/guide-de-visite\/\" \/>\n<meta property=\"og:site_name\" content=\"Aut\u00e9ntico Hotel\" \/>\n<meta property=\"article:modified_time\" content=\"2025-07-15T23:46:39+00:00\" \/>\n<meta name=\"twitter:card\" content=\"summary_large_image\" \/>\n<meta name=\"twitter:label1\" content=\"Dur\u00e9e de lecture estim\u00e9e\" \/>\n\t<meta name=\"twitter:data1\" content=\"1 minute\" \/>\n<script type=\"application\/ld+json\" class=\"yoast-schema-graph\">{\"@context\":\"https:\\\/\\\/schema.org\",\"@graph\":[{\"@type\":\"WebPage\",\"@id\":\"https:\\\/\\\/www.autenticohotel.com\\\/menu\\\/visit-guide\\\/\",\"url\":\"https:\\\/\\\/www.autenticohotel.com\\\/menu\\\/visit-guide\\\/\",\"name\":\"Visit Guide San Jos\u00e9 Costa Rica - Aut\u00e9ntico Hotel\",\"isPartOf\":{\"@id\":\"https:\\\/\\\/www.autenticohotel.com\\\/es\\\/#website\"},\"datePublished\":\"2025-07-15T23:23:23+00:00\",\"dateModified\":\"2025-07-15T23:46:39+00:00\",\"description\":\"Download Aut\u00e9ntico Hotel\u2019s cultural guide and explore San Jos\u00e9\u2019s top attractions in Costa Rica. Museums, theaters, markets, and more for an authentic and responsible local experience.\",\"breadcrumb\":{\"@id\":\"https:\\\/\\\/www.autenticohotel.com\\\/menu\\\/visit-guide\\\/#breadcrumb\"},\"inLanguage\":\"fr-FR\",\"potentialAction\":[{\"@type\":\"ReadAction\",\"target\":[\"https:\\\/\\\/www.autenticohotel.com\\\/menu\\\/visit-guide\\\/\"]}]},{\"@type\":\"BreadcrumbList\",\"@id\":\"https:\\\/\\\/www.autenticohotel.com\\\/menu\\\/visit-guide\\\/#breadcrumb\",\"itemListElement\":[{\"@type\":\"ListItem\",\"position\":1,\"name\":\"Home\",\"item\":\"https:\\\/\\\/www.autenticohotel.com\\\/\"},{\"@type\":\"ListItem\",\"position\":2,\"name\":\"Menu\",\"item\":\"https:\\\/\\\/www.autenticohotel.com\\\/menu\\\/\"},{\"@type\":\"ListItem\",\"position\":3,\"name\":\"Visit Guide\"}]},{\"@type\":\"WebSite\",\"@id\":\"https:\\\/\\\/www.autenticohotel.com\\\/es\\\/#website\",\"url\":\"https:\\\/\\\/www.autenticohotel.com\\\/es\\\/\",\"name\":\"Aut\u00e9ntico Hotel\",\"description\":\"\",\"publisher\":{\"@id\":\"https:\\\/\\\/www.autenticohotel.com\\\/es\\\/#organization\"},\"potentialAction\":[{\"@type\":\"SearchAction\",\"target\":{\"@type\":\"EntryPoint\",\"urlTemplate\":\"https:\\\/\\\/www.autenticohotel.com\\\/es\\\/?s={search_term_string}\"},\"query-input\":{\"@type\":\"PropertyValueSpecification\",\"valueRequired\":true,\"valueName\":\"search_term_string\"}}],\"inLanguage\":\"fr-FR\"},{\"@type\":\"Organization\",\"@id\":\"https:\\\/\\\/www.autenticohotel.com\\\/es\\\/#organization\",\"name\":\"Aut\u00e9ntico Hotel\",\"url\":\"https:\\\/\\\/www.autenticohotel.com\\\/es\\\/\",\"logo\":{\"@type\":\"ImageObject\",\"inLanguage\":\"fr-FR\",\"@id\":\"https:\\\/\\\/www.autenticohotel.com\\\/es\\\/#\\\/schema\\\/logo\\\/image\\\/\",\"url\":\"https:\\\/\\\/www.autenticohotel.com\\\/wp-content\\\/uploads\\\/2021\\\/10\\\/logo-autentico-hotel-blanco.png\",\"contentUrl\":\"https:\\\/\\\/www.autenticohotel.com\\\/wp-content\\\/uploads\\\/2021\\\/10\\\/logo-autentico-hotel-blanco.png\",\"width\":171,\"height\":133,\"caption\":\"Aut\u00e9ntico Hotel\"},\"image\":{\"@id\":\"https:\\\/\\\/www.autenticohotel.com\\\/es\\\/#\\\/schema\\\/logo\\\/image\\\/\"}}]}<\/script>\n<!-- \/ Yoast SEO Premium plugin. -->","yoast_head_json":{"title":"Guide de visite San Jos\u00e9 Costa Rica - H\u00f4tel Aut\u00e9ntico","description":"T\u00e9l\u00e9chargez le guide culturel de l'h\u00f4tel Aut\u00e9ntico et explorez les principales attractions de San Jos\u00e9 au Costa Rica. Mus\u00e9es, th\u00e9\u00e2tres, march\u00e9s, et plus encore, pour une exp\u00e9rience locale authentique et responsable.","robots":{"index":"index","follow":"follow","max-snippet":"max-snippet:-1","max-image-preview":"max-image-preview:large","max-video-preview":"max-video-preview:-1"},"canonical":"https:\/\/www.autenticohotel.com\/fr\/menu\/guide-de-visite\/","og_locale":"fr_FR","og_type":"article","og_title":"Visit Guide","og_description":"Download Aut\u00e9ntico Hotel\u2019s cultural guide and explore San Jos\u00e9\u2019s top attractions in Costa Rica. Museums, theaters, markets, and more for an authentic and responsible local experience.","og_url":"https:\/\/www.autenticohotel.com\/fr\/menu\/guide-de-visite\/","og_site_name":"Aut\u00e9ntico Hotel","article_modified_time":"2025-07-15T23:46:39+00:00","twitter_card":"summary_large_image","twitter_misc":{"Dur\u00e9e de lecture estim\u00e9e":"1 minute"},"schema":{"@context":"https:\/\/schema.org","@graph":[{"@type":"WebPage","@id":"https:\/\/www.autenticohotel.com\/menu\/visit-guide\/","url":"https:\/\/www.autenticohotel.com\/menu\/visit-guide\/","name":"Guide de visite San Jos\u00e9 Costa Rica - H\u00f4tel Aut\u00e9ntico","isPartOf":{"@id":"https:\/\/www.autenticohotel.com\/es\/#website"},"datePublished":"2025-07-15T23:23:23+00:00","dateModified":"2025-07-15T23:46:39+00:00","description":"T\u00e9l\u00e9chargez le guide culturel de l'h\u00f4tel Aut\u00e9ntico et explorez les principales attractions de San Jos\u00e9 au Costa Rica. Mus\u00e9es, th\u00e9\u00e2tres, march\u00e9s, et plus encore, pour une exp\u00e9rience locale authentique et responsable.","breadcrumb":{"@id":"https:\/\/www.autenticohotel.com\/menu\/visit-guide\/#breadcrumb"},"inLanguage":"fr-FR","potentialAction":[{"@type":"ReadAction","target":["https:\/\/www.autenticohotel.com\/menu\/visit-guide\/"]}]},{"@type":"BreadcrumbList","@id":"https:\/\/www.autenticohotel.com\/menu\/visit-guide\/#breadcrumb","itemListElement":[{"@type":"ListItem","position":1,"name":"Home","item":"https:\/\/www.autenticohotel.com\/"},{"@type":"ListItem","position":2,"name":"Menu","item":"https:\/\/www.autenticohotel.com\/menu\/"},{"@type":"ListItem","position":3,"name":"Visit Guide"}]},{"@type":"WebSite","@id":"https:\/\/www.autenticohotel.com\/es\/#website","url":"https:\/\/www.autenticohotel.com\/es\/","name":"H\u00f4tel Aut\u00e9ntico","description":"","publisher":{"@id":"https:\/\/www.autenticohotel.com\/es\/#organization"},"potentialAction":[{"@type":"SearchAction","target":{"@type":"EntryPoint","urlTemplate":"https:\/\/www.autenticohotel.com\/es\/?s={search_term_string}"},"query-input":{"@type":"PropertyValueSpecification","valueRequired":true,"valueName":"search_term_string"}}],"inLanguage":"fr-FR"},{"@type":"Organization","@id":"https:\/\/www.autenticohotel.com\/es\/#organization","name":"H\u00f4tel Aut\u00e9ntico","url":"https:\/\/www.autenticohotel.com\/es\/","logo":{"@type":"ImageObject","inLanguage":"fr-FR","@id":"https:\/\/www.autenticohotel.com\/es\/#\/schema\/logo\/image\/","url":"https:\/\/www.autenticohotel.com\/wp-content\/uploads\/2021\/10\/logo-autentico-hotel-blanco.png","contentUrl":"https:\/\/www.autenticohotel.com\/wp-content\/uploads\/2021\/10\/logo-autentico-hotel-blanco.png","width":171,"height":133,"caption":"Aut\u00e9ntico Hotel"},"image":{"@id":"https:\/\/www.autenticohotel.com\/es\/#\/schema\/logo\/image\/"}}]}},"_links":{"self":[{"href":"https:\/\/www.autenticohotel.com\/fr\/wp-json\/wp\/v2\/pages\/22734","targetHints":{"allow":["GET"]}}],"collection":[{"href":"https:\/\/www.autenticohotel.com\/fr\/wp-json\/wp\/v2\/pages"}],"about":[{"href":"https:\/\/www.autenticohotel.com\/fr\/wp-json\/wp\/v2\/types\/page"}],"author":[{"embeddable":true,"href":"https:\/\/www.autenticohotel.com\/fr\/wp-json\/wp\/v2\/users\/1"}],"replies":[{"embeddable":true,"href":"https:\/\/www.autenticohotel.com\/fr\/wp-json\/wp\/v2\/comments?post=22734"}],"version-history":[{"count":10,"href":"https:\/\/www.autenticohotel.com\/fr\/wp-json\/wp\/v2\/pages\/22734\/revisions"}],"predecessor-version":[{"id":22754,"href":"https:\/\/www.autenticohotel.com\/fr\/wp-json\/wp\/v2\/pages\/22734\/revisions\/22754"}],"up":[{"embeddable":true,"href":"https:\/\/www.autenticohotel.com\/fr\/wp-json\/wp\/v2\/pages\/22358"}],"wp:attachment":[{"href":"https:\/\/www.autenticohotel.com\/fr\/wp-json\/wp\/v2\/media?parent=22734"}],"curies":[{"name":"wp","href":"https:\/\/api.w.org\/{rel}","templated":true}]}}