{"id":21789,"date":"2023-03-28T04:41:51","date_gmt":"2023-03-28T04:41:51","guid":{"rendered":"https:\/\/cozystay.loftocean.com\/apartment\/?page_id=271"},"modified":"2025-07-15T17:51:25","modified_gmt":"2025-07-15T23:51:25","slug":"activites-locales","status":"publish","type":"page","link":"https:\/\/www.autenticohotel.com\/fr\/activites-locales\/","title":{"rendered":"Activit\u00e9s locales"},"content":{"rendered":"<div data-elementor-type=\"wp-page\" data-elementor-id=\"21789\" class=\"elementor elementor-21789\" data-elementor-post-type=\"page\">\n\t\t\t\t\t\t<section class=\"elementor-section elementor-top-section elementor-element elementor-element-6e1c050c elementor-section-height-min-height cs-section-content-fullwidth cs-parallax-on-scroll cs_scroll_y_80 elementor-section-boxed elementor-section-height-default elementor-section-items-middle\" data-id=\"6e1c050c\" data-element_type=\"section\" data-e-type=\"section\" data-settings=\"{&quot;background_background&quot;:&quot;classic&quot;}\" data-cs-parallax-y=\"80\" style=\"background-image: none;\" data-cs-background-image=\"https:\/\/www.autenticohotel.com\/wp-content\/uploads\/2024\/06\/SJO-CR.jpg\" data-cs-background-image-alt-text=\"\">\n\t\t\t\t\t\t\t<div class=\"elementor-background-overlay\"><\/div>\n\t\t\t\t\t\t\t<div class=\"elementor-container elementor-column-gap-no\">\n\t\t\t\t\t<div class=\"elementor-column elementor-col-100 elementor-top-column elementor-element elementor-element-a3b7434 dark-color\" data-id=\"a3b7434\" data-element_type=\"column\" data-e-type=\"column\">\n\t\t\t<div class=\"elementor-widget-wrap elementor-element-populated\">\n\t\t\t\t\t\t<div class=\"elementor-element elementor-element-fc08beb elementor-widget elementor-widget-cs_title\" data-id=\"fc08beb\" data-element_type=\"widget\" data-e-type=\"widget\" data-widget_type=\"cs_title.default\">\n\t\t\t\t<div class=\"elementor-widget-container\">\n\t\t\t\t\t\n        <div class=\"cs-title-wrap text-center\">\t            <h1 class=\"cs-title\">\n\t                D\u00e9couvrir la ville\t            <\/h1>\t            <div class=\"cs-title-text\">\n\t                <p>Vous \u00eates dans une ville o\u00f9 l'on ne s'ennuie jamais. Plongez dans les expositions d'art local, les \u00e9v\u00e9nements de quartier, les activit\u00e9s saisonni\u00e8res et les nombreux parcs.<\/p>\t            <\/div>        <\/div>\t\t\t\t<\/div>\n\t\t\t\t<\/div>\n\t\t\t\t\t<\/div>\n\t\t<\/div>\n\t\t\t\t\t<\/div>\n\t\t<\/section>\n\t\t\t\t<section class=\"elementor-section elementor-top-section elementor-element elementor-element-693ab6ca elementor-section-boxed elementor-section-height-default elementor-section-height-default\" data-id=\"693ab6ca\" data-element_type=\"section\" data-e-type=\"section\">\n\t\t\t\t\t\t<div class=\"elementor-container elementor-column-gap-no\">\n\t\t\t\t\t<div class=\"elementor-column elementor-col-33 elementor-top-column elementor-element elementor-element-195d3034\" data-id=\"195d3034\" data-element_type=\"column\" data-e-type=\"column\">\n\t\t\t<div class=\"elementor-widget-wrap elementor-element-populated\">\n\t\t\t\t\t\t<div class=\"elementor-element elementor-element-2f211818 elementor-widget elementor-widget-cs_call_to_action\" data-id=\"2f211818\" data-element_type=\"widget\" data-e-type=\"widget\" data-widget_type=\"cs_call_to_action.default\">\n\t\t\t\t<div class=\"elementor-widget-container\">\n\t\t\t\t\t\n\t\t<div class=\"cs-cta cta-layout-text-normal text-left cta-hover-img-zoom\">\n            <div class=\"cs-cta-wrap\">\t\t                <div class=\"cs-cta-img-wrap\">\n\t\t\t\t\t        <div class=\"cs-cta-img\">\n\t\t\t\t\t            <img fetchpriority=\"high\" decoding=\"async\" width=\"550\" height=\"309\" src=\"https:\/\/www.autenticohotel.com\/wp-content\/uploads\/2024\/06\/PortadaTrayectorias-550x309.jpg\" class=\"attachment-cozystay_550x9999 size-cozystay_550x9999 wp-image-22108\" alt=\"\" srcset=\"https:\/\/www.autenticohotel.com\/wp-content\/uploads\/2024\/06\/PortadaTrayectorias-550x309.jpg 550w, https:\/\/www.autenticohotel.com\/wp-content\/uploads\/2024\/06\/PortadaTrayectorias-150x84.jpg 150w, https:\/\/www.autenticohotel.com\/wp-content\/uploads\/2024\/06\/PortadaTrayectorias-600x338.jpg 600w, https:\/\/www.autenticohotel.com\/wp-content\/uploads\/2024\/06\/PortadaTrayectorias-400x225.jpg 400w, https:\/\/www.autenticohotel.com\/wp-content\/uploads\/2024\/06\/PortadaTrayectorias-1300x731.jpg 1300w, https:\/\/www.autenticohotel.com\/wp-content\/uploads\/2024\/06\/PortadaTrayectorias-768x432.jpg 768w, https:\/\/www.autenticohotel.com\/wp-content\/uploads\/2024\/06\/PortadaTrayectorias-1536x864.jpg 1536w, https:\/\/www.autenticohotel.com\/wp-content\/uploads\/2024\/06\/PortadaTrayectorias-1440x810.jpg 1440w, https:\/\/www.autenticohotel.com\/wp-content\/uploads\/2024\/06\/PortadaTrayectorias-1200x675.jpg 1200w, https:\/\/www.autenticohotel.com\/wp-content\/uploads\/2024\/06\/PortadaTrayectorias-780x439.jpg 780w, https:\/\/www.autenticohotel.com\/wp-content\/uploads\/2024\/06\/PortadaTrayectorias-370x208.jpg 370w, https:\/\/www.autenticohotel.com\/wp-content\/uploads\/2024\/06\/PortadaTrayectorias-255x143.jpg 255w, https:\/\/www.autenticohotel.com\/wp-content\/uploads\/2024\/06\/PortadaTrayectorias.jpg 1920w\" sizes=\"(max-width: 550px) 100vw, 550px\" \/>\t\t\t\t\t        <\/div>\n\t\t\t\t\t        <div class=\"cs-offset-border\"><\/div>\n\t\t\t\t\t\t<\/div>                <div class=\"cs-cta-overlay\"><\/div>                \t<div class=\"cs-cta-label label-top-left\">\n\t\t\t\t\t   <div class=\"cs-cta-label-text\">Recommand\u00e9<\/div>\n\t\t\t\t\t<\/div>\n                <div class=\"cs-cta-content\">\t\t\t\t\t<div class=\"cs-subtitle-wrap\"><span class=\"cs-subtitle\">Art et culture<\/span><\/div>\t\t            <h6 class=\"cs-cta-title cs-title\">\n\t\t                Expositions et mus\u00e9es\t\t            <\/h6>\t\t            <div class=\"cs-cta-text\">\n\t\t                <p class=\"\" data-start=\"282\" data-end=\"546\">Plongez dans la sc\u00e8ne artistique dynamique de San Jos\u00e9. Visitez les mus\u00e9es et galeries \u00e0 proximit\u00e9 pr\u00e9sentant des peintures traditionnelles costariciennes, des objets pr\u00e9colombiens, des sculptures contemporaines et des expositions immersives c\u00e9l\u00e9brant le riche patrimoine culturel du pays.<\/p>\t\t            <\/div>\t\t\t<\/div>            <\/div>\n        <\/div>\t\t\t\t<\/div>\n\t\t\t\t<\/div>\n\t\t\t\t\t<\/div>\n\t\t<\/div>\n\t\t\t\t<div class=\"elementor-column elementor-col-33 elementor-top-column elementor-element elementor-element-441b824f\" data-id=\"441b824f\" data-element_type=\"column\" data-e-type=\"column\">\n\t\t\t<div class=\"elementor-widget-wrap elementor-element-populated\">\n\t\t\t\t\t\t<div class=\"elementor-element elementor-element-7155c3fc elementor-widget elementor-widget-cs_call_to_action\" data-id=\"7155c3fc\" data-element_type=\"widget\" data-e-type=\"widget\" data-widget_type=\"cs_call_to_action.default\">\n\t\t\t\t<div class=\"elementor-widget-container\">\n\t\t\t\t\t\n\t\t<div class=\"cs-cta cta-layout-text-normal text-left cta-hover-img-zoom\">\n            <div class=\"cs-cta-wrap\">\t\t                <div class=\"cs-cta-img-wrap\">\n\t\t\t\t\t        <div class=\"cs-cta-img\">\n\t\t\t\t\t            <img decoding=\"async\" width=\"550\" height=\"309\" src=\"https:\/\/www.autenticohotel.com\/wp-content\/uploads\/2024\/06\/La-Sabana-550x309.webp\" class=\"attachment-cozystay_550x9999 size-cozystay_550x9999 wp-image-22110\" alt=\"\" srcset=\"https:\/\/www.autenticohotel.com\/wp-content\/uploads\/2024\/06\/La-Sabana-550x309.webp 550w, https:\/\/www.autenticohotel.com\/wp-content\/uploads\/2024\/06\/La-Sabana-150x84.webp 150w, https:\/\/www.autenticohotel.com\/wp-content\/uploads\/2024\/06\/La-Sabana-600x338.webp 600w, https:\/\/www.autenticohotel.com\/wp-content\/uploads\/2024\/06\/La-Sabana-400x225.webp 400w, https:\/\/www.autenticohotel.com\/wp-content\/uploads\/2024\/06\/La-Sabana-768x432.webp 768w, https:\/\/www.autenticohotel.com\/wp-content\/uploads\/2024\/06\/La-Sabana-780x439.webp 780w, https:\/\/www.autenticohotel.com\/wp-content\/uploads\/2024\/06\/La-Sabana-370x208.webp 370w, https:\/\/www.autenticohotel.com\/wp-content\/uploads\/2024\/06\/La-Sabana-255x143.webp 255w, https:\/\/www.autenticohotel.com\/wp-content\/uploads\/2024\/06\/La-Sabana.webp 1200w\" sizes=\"(max-width: 550px) 100vw, 550px\" \/>\t\t\t\t\t        <\/div>\n\t\t\t\t\t        <div class=\"cs-offset-border\"><\/div>\n\t\t\t\t\t\t<\/div>                <div class=\"cs-cta-overlay\"><\/div>\n                <div class=\"cs-cta-content\">\t\t\t\t\t<div class=\"cs-subtitle-wrap\"><span class=\"cs-subtitle\">Nature<\/span><\/div>\t\t            <h6 class=\"cs-cta-title cs-title\">\n\t\t                Parcs c\u00e9l\u00e8bres\t\t            <\/h6>\t\t            <div class=\"cs-cta-text\">\n\t\t                <p class=\"\" data-start=\"594\" data-end=\"853\">D\u00e9couvrez la beaut\u00e9 de la nature en plein c\u0153ur de la ville. Le parc m\u00e9tropolitain de La Sabana, situ\u00e9 \u00e0 quelques minutes seulement, offre de grands espaces, un lac pittoresque et des sentiers de randonn\u00e9e. Chaque parc vous invite \u00e0 la d\u00e9tente, \u00e0 l'exploration et \u00e0 la d\u00e9couverte du charme naturel de San Jos\u00e9.<\/p>\t\t            <\/div>\t\t\t<\/div>            <\/div>\n        <\/div>\t\t\t\t<\/div>\n\t\t\t\t<\/div>\n\t\t\t\t\t<\/div>\n\t\t<\/div>\n\t\t\t\t<div class=\"elementor-column elementor-col-33 elementor-top-column elementor-element elementor-element-703a7dfc\" data-id=\"703a7dfc\" data-element_type=\"column\" data-e-type=\"column\">\n\t\t\t<div class=\"elementor-widget-wrap elementor-element-populated\">\n\t\t\t\t\t\t<div class=\"elementor-element elementor-element-fef1429 elementor-widget elementor-widget-cs_call_to_action\" data-id=\"fef1429\" data-element_type=\"widget\" data-e-type=\"widget\" data-widget_type=\"cs_call_to_action.default\">\n\t\t\t\t<div class=\"elementor-widget-container\">\n\t\t\t\t\t\n\t\t<div class=\"cs-cta cta-layout-text-normal text-left cta-hover-img-zoom\">\n            <div class=\"cs-cta-wrap\">\t\t                <div class=\"cs-cta-img-wrap\">\n\t\t\t\t\t        <div class=\"cs-cta-img\">\n\t\t\t\t\t            <img decoding=\"async\" width=\"1280\" height=\"853\" src=\"https:\/\/www.autenticohotel.com\/wp-content\/uploads\/2025\/05\/casado-tipico-de-costa-rica-1.jpg\" class=\"attachment-full size-full wp-image-22596\" alt=\"\" srcset=\"https:\/\/www.autenticohotel.com\/wp-content\/uploads\/2025\/05\/casado-tipico-de-costa-rica-1.jpg 1280w, https:\/\/www.autenticohotel.com\/wp-content\/uploads\/2025\/05\/casado-tipico-de-costa-rica-1-400x267.jpg 400w, https:\/\/www.autenticohotel.com\/wp-content\/uploads\/2025\/05\/casado-tipico-de-costa-rica-1-1200x800.jpg 1200w, https:\/\/www.autenticohotel.com\/wp-content\/uploads\/2025\/05\/casado-tipico-de-costa-rica-1-768x512.jpg 768w, https:\/\/www.autenticohotel.com\/wp-content\/uploads\/2025\/05\/casado-tipico-de-costa-rica-1-18x12.jpg 18w, https:\/\/www.autenticohotel.com\/wp-content\/uploads\/2025\/05\/casado-tipico-de-costa-rica-1-780x520.jpg 780w, https:\/\/www.autenticohotel.com\/wp-content\/uploads\/2025\/05\/casado-tipico-de-costa-rica-1-600x400.jpg 600w, https:\/\/www.autenticohotel.com\/wp-content\/uploads\/2025\/05\/casado-tipico-de-costa-rica-1-550x367.jpg 550w, https:\/\/www.autenticohotel.com\/wp-content\/uploads\/2025\/05\/casado-tipico-de-costa-rica-1-370x247.jpg 370w, https:\/\/www.autenticohotel.com\/wp-content\/uploads\/2025\/05\/casado-tipico-de-costa-rica-1-255x170.jpg 255w, https:\/\/www.autenticohotel.com\/wp-content\/uploads\/2025\/05\/casado-tipico-de-costa-rica-1-150x100.jpg 150w\" sizes=\"(max-width: 1280px) 100vw, 1280px\" \/>\t\t\t\t\t        <\/div>\n\t\t\t\t\t        <div class=\"cs-offset-border\"><\/div>\n\t\t\t\t\t\t<\/div>                <div class=\"cs-cta-overlay\"><\/div>\n                <div class=\"cs-cta-content\">\t\t\t\t\t<div class=\"cs-subtitle-wrap\"><span class=\"cs-subtitle\">Exp\u00e9riences gastronomiques<\/span><\/div>\t\t            <h6 class=\"cs-cta-title cs-title\">\n\t\t                Visite de la gastronomie locale\t\t            <\/h6>\t\t            <div class=\"cs-cta-text\">\n\t\t                <p class=\"\" data-start=\"909\" data-end=\"1170\">Savourez les saveurs authentiques du Costa Rica sur les march\u00e9s locaux, dans les tr\u00e9sors cach\u00e9s et lors de festivals gastronomiques anim\u00e9s. Ne manquez pas l'occasion de go\u00fbter au gallo pinto, aux tamales et aux fruits tropicaux. Rejoignez-nous pour des soir\u00e9es cocktails sp\u00e9ciales au bar de l'h\u00f4tel Aut\u00e9ntico.<\/p>\t\t            <\/div>\t\t\t<\/div>            <\/div>\n        <\/div>\t\t\t\t<\/div>\n\t\t\t\t<\/div>\n\t\t\t\t\t<\/div>\n\t\t<\/div>\n\t\t\t\t\t<\/div>\n\t\t<\/section>\n\t\t<div class=\"elementor-element elementor-element-a72ec62 e-flex e-con-boxed e-con e-parent\" data-id=\"a72ec62\" data-element_type=\"container\" data-e-type=\"container\">\n\t\t\t\t\t<div class=\"e-con-inner\">\n\t\t\t\t<div class=\"elementor-element elementor-element-974a601 elementor-widget elementor-widget-shortcode\" data-id=\"974a601\" data-element_type=\"widget\" data-e-type=\"widget\" data-widget_type=\"shortcode.default\">\n\t\t\t\t<div class=\"elementor-widget-container\">\n\t\t\t\t\t\t\t<div class=\"elementor-shortcode\"><div class=\"real3dflipbook\" id=\"4_69f2071484b32\" style=\"position:absolute;\"><\/div><\/div>\n\t\t\t\t\t\t<\/div>\n\t\t\t\t<\/div>\n\t\t\t\t<div class=\"elementor-element elementor-element-ef49ef5 elementor-align-center elementor-widget elementor-widget-cs_button\" data-id=\"ef49ef5\" data-element_type=\"widget\" data-e-type=\"widget\" data-widget_type=\"cs_button.default\">\n\t\t\t\t<div class=\"elementor-widget-container\">\n\t\t\t\t\t        <a href=\"https:\/\/www.autenticohotel.com\/wp-content\/uploads\/2025\/07\/Guia-de-visitas-esp-ing.pdf\" target=\"_blank\" class=\"elementor-button-link button cs-btn-outline\" role=\"button\">\n            <span class=\"cs-btn-text\">T\u00e9l\u00e9charger le guide de visite des sites d'int\u00e9r\u00eat culturel<\/span>        <\/a>\t\t\t\t<\/div>\n\t\t\t\t<\/div>\n\t\t\t\t<div class=\"elementor-element elementor-element-3b035a3 elementor-widget elementor-widget-spacer\" data-id=\"3b035a3\" data-element_type=\"widget\" data-e-type=\"widget\" data-widget_type=\"spacer.default\">\n\t\t\t\t<div class=\"elementor-widget-container\">\n\t\t\t\t\t\t\t<div class=\"elementor-spacer\">\n\t\t\t<div class=\"elementor-spacer-inner\"><\/div>\n\t\t<\/div>\n\t\t\t\t\t\t<\/div>\n\t\t\t\t<\/div>\n\t\t\t\t\t<\/div>\n\t\t\t\t<\/div>\n\t\t\t\t<\/div>","protected":false},"excerpt":{"rendered":"<p>D\u00e9couvrir la ville Vous \u00eates dans une ville o\u00f9 l'on ne s'ennuie jamais. Plongez dans les expositions d'art local, les \u00e9v\u00e9nements de quartier, les activit\u00e9s saisonni\u00e8res et les nombreux parcs. Art et culture recommand\u00e9s Expositions et mus\u00e9es Plongez dans la sc\u00e8ne artistique vibrante de San Jos\u00e9. Visitez les mus\u00e9es et galeries des environs qui pr\u00e9sentent des peintures traditionnelles costariciennes, des objets pr\u00e9colombiens, ...<\/p>","protected":false},"author":1,"featured_media":0,"parent":0,"menu_order":0,"comment_status":"closed","ping_status":"closed","template":"template-wide-content.php","meta":{"cozystay_single_page_hide_site_header":"","cozystay_single_page_site_header_source":"","cozystay_single_page_custom_site_header":"0","cozystay_single_page_custom_sticky_site_header":"0","cozystay_single_page_hide_page_title":"on","cozystay_single_page_header_section_size":"","cozystay_single_page_header_background_color":"","cozystay_single_page_header_background_position_x":"center","cozystay_single_page_header_background_position_y":"center","cozystay_single_page_header_background_size":"cover","cozystay_single_page_header_background_repeat":"off","cozystay_single_page_header_background_scroll":"on","cozystay_single_page_header_text_color":"","cozystay_single_page_header_show_breadcrumb":"","cozystay_single_page_site_footer_hide_main":"","cozystay_single_custom_site_footer_main_source":"","cozystay_single_custom_site_footer_main":"0","cozystay_single_page_site_footer_hide_above":"","cozystay_single_custom_site_footer_above_source":"","cozystay_single_custom_site_footer_above":"0","cozystay_single_page_site_footer_hide_instagram":"","cozystay_single_page_site_footer_hide_bottom":"","cozystay_single_custom_mobile_menu_source":"","cozystay_single_custom_mobile_menu":"0","cozystay_single_custom_mobile_menu_animation":"","cozystay_single_custom_mobile_menu_width":"","cozystay_single_custom_mobile_menu_custom_width":375,"footnotes":""},"class_list":["post-21789","page","type-page","status-publish","hentry"],"yoast_head":"<!-- This site is optimized with the Yoast SEO Premium plugin v25.1 (Yoast SEO v27.3) - https:\/\/yoast.com\/product\/yoast-seo-premium-wordpress\/ -->\n<title>Things to Do in San Jos\u00e9 | Near Aut\u00e9ntico Hotel Costa Rica - Aut\u00e9ntico Hotel<\/title>\n<meta name=\"description\" content=\"Explore museums, food tours, and parks near Aut\u00e9ntico Hotel. Discover top cultural, nature, and culinary activities in San Jos\u00e9, Costa Rica.\" \/>\n<meta name=\"robots\" content=\"index, follow, max-snippet:-1, max-image-preview:large, max-video-preview:-1\" \/>\n<link rel=\"canonical\" href=\"https:\/\/www.autenticohotel.com\/fr\/activites-locales\/\" \/>\n<meta property=\"og:locale\" content=\"fr_FR\" \/>\n<meta property=\"og:type\" content=\"article\" \/>\n<meta property=\"og:title\" content=\"Local Activities\" \/>\n<meta property=\"og:description\" content=\"Explore museums, food tours, and parks near Aut\u00e9ntico Hotel. Discover top cultural, nature, and culinary activities in San Jos\u00e9, Costa Rica.\" \/>\n<meta property=\"og:url\" content=\"https:\/\/www.autenticohotel.com\/fr\/activites-locales\/\" \/>\n<meta property=\"og:site_name\" content=\"Aut\u00e9ntico Hotel\" \/>\n<meta property=\"article:modified_time\" content=\"2025-07-15T23:51:25+00:00\" \/>\n<meta property=\"og:image\" content=\"https:\/\/www.autenticohotel.com\/wp-content\/uploads\/2024\/06\/PortadaTrayectorias.jpg\" \/>\n\t<meta property=\"og:image:width\" content=\"1920\" \/>\n\t<meta property=\"og:image:height\" content=\"1080\" \/>\n\t<meta property=\"og:image:type\" content=\"image\/jpeg\" \/>\n<meta name=\"twitter:card\" content=\"summary_large_image\" \/>\n<meta name=\"twitter:label1\" content=\"Dur\u00e9e de lecture estim\u00e9e\" \/>\n\t<meta name=\"twitter:data1\" content=\"2 minutes\" \/>\n<script type=\"application\/ld+json\" class=\"yoast-schema-graph\">{\"@context\":\"https:\\\/\\\/schema.org\",\"@graph\":[{\"@type\":\"WebPage\",\"@id\":\"https:\\\/\\\/www.autenticohotel.com\\\/local-activities\\\/\",\"url\":\"https:\\\/\\\/www.autenticohotel.com\\\/local-activities\\\/\",\"name\":\"Things to Do in San Jos\u00e9 | Near Aut\u00e9ntico Hotel Costa Rica - Aut\u00e9ntico Hotel\",\"isPartOf\":{\"@id\":\"https:\\\/\\\/www.autenticohotel.com\\\/es\\\/#website\"},\"primaryImageOfPage\":{\"@id\":\"https:\\\/\\\/www.autenticohotel.com\\\/local-activities\\\/#primaryimage\"},\"image\":{\"@id\":\"https:\\\/\\\/www.autenticohotel.com\\\/local-activities\\\/#primaryimage\"},\"thumbnailUrl\":\"https:\\\/\\\/www.autenticohotel.com\\\/wp-content\\\/uploads\\\/2024\\\/06\\\/PortadaTrayectorias-550x309.jpg\",\"datePublished\":\"2023-03-28T04:41:51+00:00\",\"dateModified\":\"2025-07-15T23:51:25+00:00\",\"description\":\"Explore museums, food tours, and parks near Aut\u00e9ntico Hotel. Discover top cultural, nature, and culinary activities in San Jos\u00e9, Costa Rica.\",\"breadcrumb\":{\"@id\":\"https:\\\/\\\/www.autenticohotel.com\\\/local-activities\\\/#breadcrumb\"},\"inLanguage\":\"fr-FR\",\"potentialAction\":[{\"@type\":\"ReadAction\",\"target\":[\"https:\\\/\\\/www.autenticohotel.com\\\/local-activities\\\/\"]}]},{\"@type\":\"ImageObject\",\"inLanguage\":\"fr-FR\",\"@id\":\"https:\\\/\\\/www.autenticohotel.com\\\/local-activities\\\/#primaryimage\",\"url\":\"https:\\\/\\\/www.autenticohotel.com\\\/wp-content\\\/uploads\\\/2024\\\/06\\\/PortadaTrayectorias-550x309.jpg\",\"contentUrl\":\"https:\\\/\\\/www.autenticohotel.com\\\/wp-content\\\/uploads\\\/2024\\\/06\\\/PortadaTrayectorias-550x309.jpg\"},{\"@type\":\"BreadcrumbList\",\"@id\":\"https:\\\/\\\/www.autenticohotel.com\\\/local-activities\\\/#breadcrumb\",\"itemListElement\":[{\"@type\":\"ListItem\",\"position\":1,\"name\":\"Home\",\"item\":\"https:\\\/\\\/www.autenticohotel.com\\\/\"},{\"@type\":\"ListItem\",\"position\":2,\"name\":\"Local Activities\"}]},{\"@type\":\"WebSite\",\"@id\":\"https:\\\/\\\/www.autenticohotel.com\\\/es\\\/#website\",\"url\":\"https:\\\/\\\/www.autenticohotel.com\\\/es\\\/\",\"name\":\"Aut\u00e9ntico Hotel\",\"description\":\"\",\"publisher\":{\"@id\":\"https:\\\/\\\/www.autenticohotel.com\\\/es\\\/#organization\"},\"potentialAction\":[{\"@type\":\"SearchAction\",\"target\":{\"@type\":\"EntryPoint\",\"urlTemplate\":\"https:\\\/\\\/www.autenticohotel.com\\\/es\\\/?s={search_term_string}\"},\"query-input\":{\"@type\":\"PropertyValueSpecification\",\"valueRequired\":true,\"valueName\":\"search_term_string\"}}],\"inLanguage\":\"fr-FR\"},{\"@type\":\"Organization\",\"@id\":\"https:\\\/\\\/www.autenticohotel.com\\\/es\\\/#organization\",\"name\":\"Aut\u00e9ntico Hotel\",\"url\":\"https:\\\/\\\/www.autenticohotel.com\\\/es\\\/\",\"logo\":{\"@type\":\"ImageObject\",\"inLanguage\":\"fr-FR\",\"@id\":\"https:\\\/\\\/www.autenticohotel.com\\\/es\\\/#\\\/schema\\\/logo\\\/image\\\/\",\"url\":\"https:\\\/\\\/www.autenticohotel.com\\\/wp-content\\\/uploads\\\/2021\\\/10\\\/logo-autentico-hotel-blanco.png\",\"contentUrl\":\"https:\\\/\\\/www.autenticohotel.com\\\/wp-content\\\/uploads\\\/2021\\\/10\\\/logo-autentico-hotel-blanco.png\",\"width\":171,\"height\":133,\"caption\":\"Aut\u00e9ntico Hotel\"},\"image\":{\"@id\":\"https:\\\/\\\/www.autenticohotel.com\\\/es\\\/#\\\/schema\\\/logo\\\/image\\\/\"}}]}<\/script>\n<!-- \/ Yoast SEO Premium plugin. -->","yoast_head_json":{"title":"Choses \u00e0 faire \u00e0 San Jos\u00e9 - Pr\u00e8s de l'h\u00f4tel Aut\u00e9ntico Costa Rica - H\u00f4tel Aut\u00e9ntico","description":"Explorez les mus\u00e9es, les circuits gastronomiques et les parcs \u00e0 proximit\u00e9 de l'h\u00f4tel Aut\u00e9ntico. D\u00e9couvrez les meilleures activit\u00e9s culturelles, naturelles et culinaires \u00e0 San Jos\u00e9, Costa Rica.","robots":{"index":"index","follow":"follow","max-snippet":"max-snippet:-1","max-image-preview":"max-image-preview:large","max-video-preview":"max-video-preview:-1"},"canonical":"https:\/\/www.autenticohotel.com\/fr\/activites-locales\/","og_locale":"fr_FR","og_type":"article","og_title":"Local Activities","og_description":"Explore museums, food tours, and parks near Aut\u00e9ntico Hotel. Discover top cultural, nature, and culinary activities in San Jos\u00e9, Costa Rica.","og_url":"https:\/\/www.autenticohotel.com\/fr\/activites-locales\/","og_site_name":"Aut\u00e9ntico Hotel","article_modified_time":"2025-07-15T23:51:25+00:00","og_image":[{"width":1920,"height":1080,"url":"https:\/\/www.autenticohotel.com\/wp-content\/uploads\/2024\/06\/PortadaTrayectorias.jpg","type":"image\/jpeg"}],"twitter_card":"summary_large_image","twitter_misc":{"Dur\u00e9e de lecture estim\u00e9e":"2 minutes"},"schema":{"@context":"https:\/\/schema.org","@graph":[{"@type":"WebPage","@id":"https:\/\/www.autenticohotel.com\/local-activities\/","url":"https:\/\/www.autenticohotel.com\/local-activities\/","name":"Choses \u00e0 faire \u00e0 San Jos\u00e9 - Pr\u00e8s de l'h\u00f4tel Aut\u00e9ntico Costa Rica - H\u00f4tel Aut\u00e9ntico","isPartOf":{"@id":"https:\/\/www.autenticohotel.com\/es\/#website"},"primaryImageOfPage":{"@id":"https:\/\/www.autenticohotel.com\/local-activities\/#primaryimage"},"image":{"@id":"https:\/\/www.autenticohotel.com\/local-activities\/#primaryimage"},"thumbnailUrl":"https:\/\/www.autenticohotel.com\/wp-content\/uploads\/2024\/06\/PortadaTrayectorias-550x309.jpg","datePublished":"2023-03-28T04:41:51+00:00","dateModified":"2025-07-15T23:51:25+00:00","description":"Explorez les mus\u00e9es, les circuits gastronomiques et les parcs \u00e0 proximit\u00e9 de l'h\u00f4tel Aut\u00e9ntico. D\u00e9couvrez les meilleures activit\u00e9s culturelles, naturelles et culinaires \u00e0 San Jos\u00e9, Costa Rica.","breadcrumb":{"@id":"https:\/\/www.autenticohotel.com\/local-activities\/#breadcrumb"},"inLanguage":"fr-FR","potentialAction":[{"@type":"ReadAction","target":["https:\/\/www.autenticohotel.com\/local-activities\/"]}]},{"@type":"ImageObject","inLanguage":"fr-FR","@id":"https:\/\/www.autenticohotel.com\/local-activities\/#primaryimage","url":"https:\/\/www.autenticohotel.com\/wp-content\/uploads\/2024\/06\/PortadaTrayectorias-550x309.jpg","contentUrl":"https:\/\/www.autenticohotel.com\/wp-content\/uploads\/2024\/06\/PortadaTrayectorias-550x309.jpg"},{"@type":"BreadcrumbList","@id":"https:\/\/www.autenticohotel.com\/local-activities\/#breadcrumb","itemListElement":[{"@type":"ListItem","position":1,"name":"Home","item":"https:\/\/www.autenticohotel.com\/"},{"@type":"ListItem","position":2,"name":"Local Activities"}]},{"@type":"WebSite","@id":"https:\/\/www.autenticohotel.com\/es\/#website","url":"https:\/\/www.autenticohotel.com\/es\/","name":"H\u00f4tel Aut\u00e9ntico","description":"","publisher":{"@id":"https:\/\/www.autenticohotel.com\/es\/#organization"},"potentialAction":[{"@type":"SearchAction","target":{"@type":"EntryPoint","urlTemplate":"https:\/\/www.autenticohotel.com\/es\/?s={search_term_string}"},"query-input":{"@type":"PropertyValueSpecification","valueRequired":true,"valueName":"search_term_string"}}],"inLanguage":"fr-FR"},{"@type":"Organization","@id":"https:\/\/www.autenticohotel.com\/es\/#organization","name":"H\u00f4tel Aut\u00e9ntico","url":"https:\/\/www.autenticohotel.com\/es\/","logo":{"@type":"ImageObject","inLanguage":"fr-FR","@id":"https:\/\/www.autenticohotel.com\/es\/#\/schema\/logo\/image\/","url":"https:\/\/www.autenticohotel.com\/wp-content\/uploads\/2021\/10\/logo-autentico-hotel-blanco.png","contentUrl":"https:\/\/www.autenticohotel.com\/wp-content\/uploads\/2021\/10\/logo-autentico-hotel-blanco.png","width":171,"height":133,"caption":"Aut\u00e9ntico Hotel"},"image":{"@id":"https:\/\/www.autenticohotel.com\/es\/#\/schema\/logo\/image\/"}}]}},"_links":{"self":[{"href":"https:\/\/www.autenticohotel.com\/fr\/wp-json\/wp\/v2\/pages\/21789","targetHints":{"allow":["GET"]}}],"collection":[{"href":"https:\/\/www.autenticohotel.com\/fr\/wp-json\/wp\/v2\/pages"}],"about":[{"href":"https:\/\/www.autenticohotel.com\/fr\/wp-json\/wp\/v2\/types\/page"}],"author":[{"embeddable":true,"href":"https:\/\/www.autenticohotel.com\/fr\/wp-json\/wp\/v2\/users\/1"}],"replies":[{"embeddable":true,"href":"https:\/\/www.autenticohotel.com\/fr\/wp-json\/wp\/v2\/comments?post=21789"}],"version-history":[{"count":25,"href":"https:\/\/www.autenticohotel.com\/fr\/wp-json\/wp\/v2\/pages\/21789\/revisions"}],"predecessor-version":[{"id":22763,"href":"https:\/\/www.autenticohotel.com\/fr\/wp-json\/wp\/v2\/pages\/21789\/revisions\/22763"}],"wp:attachment":[{"href":"https:\/\/www.autenticohotel.com\/fr\/wp-json\/wp\/v2\/media?parent=21789"}],"curies":[{"name":"wp","href":"https:\/\/api.w.org\/{rel}","templated":true}]}}